{"id":800,"date":"2021-12-06T13:29:56","date_gmt":"2021-12-06T18:29:56","guid":{"rendered":"https:\/\/abnetworksa.com\/?page_id=800"},"modified":"2024-07-10T11:45:20","modified_gmt":"2024-07-10T16:45:20","slug":"firewalls","status":"publish","type":"page","link":"https:\/\/abnetworksa.com\/?page_id=800","title":{"rendered":"Firewalls"},"content":{"rendered":"\n<h2 class=\"wp-block-heading\">Firewall Administrado<\/h2>\n\n\n<p>El servicio de seguridad Firewall Administrado ofrece una soluci\u00f3n de seguridad y control de pol\u00edticas de seguridad perimetral por medio de una plataforma Firewall de siguiente generaci\u00f3n, la cual brinda a la empresa una l\u00ednea frontal de defensa, de acuerdo con las pol\u00edticas de seguridad de la organizaci\u00f3n; proporcionando visibilidad y control sobre el tr\u00e1fico de red que ingresa y sale de la organizaci\u00f3n, protegiendo los servicios que potencialmente sean vulnerables.<\/p>\n<p>Nuestros servicios de Administraci\u00f3n de Firewall contempla:<\/p>\n<ul>\n<li>Monitoreo y Prevenci\u00f3n de intrusiones (IDS\/IPS)\u00a0permite\u00a0<strong>ver lo que est\u00e1 sucediendo en la red en tiempo real<\/strong>\u00a0en base a la informaci\u00f3n recopilada, reconocer modificaciones en los documentos y automatizar los patrones de b\u00fasqueda en los paquetes de datos enviados a trav\u00e9s de la red.<\/li>\n<li>Control de flujo de tr\u00e1fico IP por ejemplo nos ayuda a controlar quien se puede conectar a un servidor desde fuera de la organizaci\u00f3n a trav\u00e9s de escritorio remoto esto en base a pol\u00edticas de seguridad previamente definidas<\/li>\n<li>\n<p class=\"font_8\">Antivirus: Actualizaciones autom\u00e1ticas de contenido y \u00faltimos motores de detecci\u00f3n de malware y heur\u00edstica. Biblioteca de amenazas proactiva protege contra todas las amenazas y variantes conocidas. Se aplica a entorno cloud.<\/p>\n<\/li>\n<li>\n<p class=\"font_8\">Antispam: La tecnolog\u00eda de detecci\u00f3n de doble paso reduce el spam en la red de per\u00edmetro. Configuraci\u00f3n flexible y implementaci\u00f3n sin complicaciones. Permite pol\u00edticas de filtrado antispam<\/p>\n<\/li>\n<li>Filtrado de contenido en base a categor\u00edas o URL puntuales por ejemplo a los dispositivos que pertenecen al departamento de Recursos Humanos se les puede limitar puntualmente a ellos a que no tengan acceso a Redes Sociales (Facebook, Twitter, etc.)<\/li>\n<li>Sandboxing permite de que de una manera virtual todo archivo como, por ejemplo .docx, .pptx, .exe, sea analizado en base a este an\u00e1lisis se da un dictamen si el contenido del archivo es malicioso en caso de ser as\u00ed se bloqueara su descarga o ejecuci\u00f3n.<\/li>\n<\/ul>\n\n\n<figure class=\"\"><img loading=\"lazy\" decoding=\"async\" width=\"800\" height=\"271\" src=\"https:\/\/abnetworksa.com\/wp-content\/uploads\/2022\/09\/badge_cssa.png\" alt=\"\" class=\"wp-image-878 img-responsive\" srcset=\"https:\/\/abnetworksa.com\/wp-content\/uploads\/2022\/09\/badge_cssa.png 800w, https:\/\/abnetworksa.com\/wp-content\/uploads\/2022\/09\/badge_cssa-300x102.png 300w, https:\/\/abnetworksa.com\/wp-content\/uploads\/2022\/09\/badge_cssa-768x260.png 768w\" sizes=\"(max-width: 800px) 100vw, 800px\" \/><\/figure>\n\n\n\n<p class=\"has-text-align-center\" style=\"font-size:26px\"><a href=\"https:\/\/abnetworksa.com\/wp-content\/uploads\/2024\/07\/ab-network-s.a.-velocity-bronze-2024_page-0001.jpg\" target=\"_blank\" rel=\"noopener\" title=\"Certificado Sonicwall\"><strong>Certificado<\/strong><\/a><\/p>\n","protected":false},"excerpt":{"rendered":"<p>Firewall Administrado El servicio de seguridad Firewall Administrado ofrece una soluci\u00f3n de seguridad y control de pol\u00edticas de seguridad perimetral por medio de una plataforma Firewall de siguiente generaci\u00f3n, la cual brinda a la empresa una l\u00ednea frontal de defensa, de acuerdo con las pol\u00edticas de seguridad de la organizaci\u00f3n; proporcionando visibilidad y control sobre &hellip; <a href=\"https:\/\/abnetworksa.com\/?page_id=800\">Continued<\/a><\/p>\n","protected":false},"author":1,"featured_media":0,"parent":798,"menu_order":0,"comment_status":"closed","ping_status":"closed","template":"","meta":{"om_disable_all_campaigns":false,"_monsterinsights_skip_tracking":false,"_monsterinsights_sitenote_active":false,"_monsterinsights_sitenote_note":"","_monsterinsights_sitenote_category":0,"_uf_show_specific_survey":0,"_uf_disable_surveys":false,"footnotes":""},"aioseo_notices":[],"_links":{"self":[{"href":"https:\/\/abnetworksa.com\/index.php?rest_route=\/wp\/v2\/pages\/800"}],"collection":[{"href":"https:\/\/abnetworksa.com\/index.php?rest_route=\/wp\/v2\/pages"}],"about":[{"href":"https:\/\/abnetworksa.com\/index.php?rest_route=\/wp\/v2\/types\/page"}],"author":[{"embeddable":true,"href":"https:\/\/abnetworksa.com\/index.php?rest_route=\/wp\/v2\/users\/1"}],"replies":[{"embeddable":true,"href":"https:\/\/abnetworksa.com\/index.php?rest_route=%2Fwp%2Fv2%2Fcomments&post=800"}],"version-history":[{"count":18,"href":"https:\/\/abnetworksa.com\/index.php?rest_route=\/wp\/v2\/pages\/800\/revisions"}],"predecessor-version":[{"id":973,"href":"https:\/\/abnetworksa.com\/index.php?rest_route=\/wp\/v2\/pages\/800\/revisions\/973"}],"up":[{"embeddable":true,"href":"https:\/\/abnetworksa.com\/index.php?rest_route=\/wp\/v2\/pages\/798"}],"wp:attachment":[{"href":"https:\/\/abnetworksa.com\/index.php?rest_route=%2Fwp%2Fv2%2Fmedia&parent=800"}],"curies":[{"name":"wp","href":"https:\/\/api.w.org\/{rel}","templated":true}]}}