{"id":539,"date":"2019-02-04T15:30:00","date_gmt":"2019-02-04T20:30:00","guid":{"rendered":"https:\/\/test.abnetworksa.com\/?page_id=539"},"modified":"2024-05-09T11:44:10","modified_gmt":"2024-05-09T16:44:10","slug":"datacenter","status":"publish","type":"page","link":"https:\/\/abnetworksa.com\/?page_id=539","title":{"rendered":"Datacenter"},"content":{"rendered":"\n<figure class=\"wp-block-gallery alignleft has-nested-images columns-default is-cropped wp-block-gallery-1 is-layout-flex wp-block-gallery-is-layout-flex\">\n<figure class=\"wp-block-image size-large\"><a href=\"https:\/\/abnetworksa.com\/wp-content\/uploads\/2015\/12\/icon-colocation.png\"><img loading=\"lazy\" decoding=\"async\" width=\"146\" height=\"146\" data-id=\"189\" src=\"https:\/\/abnetworksa.com\/wp-content\/uploads\/2015\/12\/icon-colocation.png\" alt=\"\" class=\"wp-image-189 img-responsive\"\/><\/a><\/figure>\n<\/figure>\n\n\n<p>Nuestro centro de datos posee una certificaci\u00f3n TIER II emitida por Uptime Institude, la cual nos cataloga como un centro de datos con componentes de capacidad redundante. El cumplimiento de los requisitos ha sido medido a trav\u00e9s de pruebas de confirmaci\u00f3n basados en los resultados y el impacto de las operaciones.<\/p>\n<p>Ha sido construido en una localidad de alto perfil tecnol\u00f3gico y cuenta con la capacidad y facilidades para ofrecer a nuestros clientes un sitio seguro donde alojar las operaciones tecnol\u00f3gicas que componen el n\u00facleo de su negocio.<\/p>\n<p>Contamos con una disponibilidad anual de 99.741%. Nuestra infraestructura tecnol\u00f3gica y electromec\u00e1nica cuenta con componentes redundantes tales como: unidades de enfriamiento de precisi\u00f3n, m\u00f3dulos de UPS, generador el\u00e9ctrico, entre otros. Todo esto nos permite ofrecer el soporte necesario para operaciones de misi\u00f3n cr\u00edtica.<\/p>\n<\/p>\n\n\n<div style=\"height:100px\" aria-hidden=\"true\" class=\"wp-block-spacer\"><\/div>\n\n\n\n<h1 class=\"wp-block-heading has-text-align-center has-text-color has-link-color has-large-font-size wp-elements-3184c16d5b12b6843c2f9e4ed4012f09\" style=\"color:#429bc0\"><strong>Certificaciones<\/strong><\/h1>\n\n\n\n<div class=\"wp-block-columns is-layout-flex wp-container-core-columns-is-layout-1 wp-block-columns-is-layout-flex\">\n<div class=\"wp-block-column is-layout-flow wp-block-column-is-layout-flow\" style=\"flex-basis:100%\">\n<div class=\"wp-block-group is-content-justification-center is-nowrap is-layout-flex wp-container-core-group-is-layout-2 wp-block-group-is-layout-flex\">\n<div class=\"wp-block-group\"><div class=\"wp-block-group__inner-container is-layout-constrained wp-block-group-is-layout-constrained\"><div class=\"is-style-default wp-block-site-logo\"><img loading=\"lazy\" decoding=\"async\" width=\"120\" height=\"135\" src=\"https:\/\/abnetworksa.com\/wp-content\/uploads\/2021\/06\/Logo-iso-27001-e1714761603619.png\" class=\"custom-logo img-responsive\" alt=\"AB Network\" \/><\/div><\/div><\/div>\n\n\n\n<figure class=\"wp-block-image size-full is-resized\"><a href=\"https:\/\/abnetworksa.com\/wp-content\/uploads\/2020\/11\/iso-igc-e1714761629721.png\"><img loading=\"lazy\" decoding=\"async\" width=\"100\" height=\"171\" src=\"https:\/\/abnetworksa.com\/wp-content\/uploads\/2020\/11\/iso-igc-e1714761629721.png\" alt=\"\" class=\"wp-image-685 img-responsive\" style=\"object-fit:contain;width:165px;height:200px\"\/><\/a><\/figure>\n\n\n\n<figure class=\"wp-block-image size-full is-resized\"><a href=\"https:\/\/abnetworksa.com\/wp-content\/uploads\/2019\/12\/AB_Net_Uptime_Inst_logo_transparente-e1714761674530.png\"><img loading=\"lazy\" decoding=\"async\" width=\"100\" height=\"100\" src=\"https:\/\/abnetworksa.com\/wp-content\/uploads\/2019\/12\/AB_Net_Uptime_Inst_logo_transparente-e1714761674530.png\" alt=\"\" class=\"wp-image-619 img-responsive\" style=\"object-fit:cover;width:120px;height:120px\"\/><\/a><\/figure>\n\n\n\n<figure class=\"wp-block-image size-full is-resized\"><a href=\"https:\/\/abnetworksa.com\/wp-content\/uploads\/2021\/06\/Certificado2-remove-e1714761655189.png\"><img loading=\"lazy\" decoding=\"async\" width=\"100\" height=\"67\" src=\"https:\/\/abnetworksa.com\/wp-content\/uploads\/2021\/06\/Certificado2-remove-e1714761655189.png\" alt=\"\" class=\"wp-image-730 img-responsive\" style=\"object-fit:cover;width:115px;height:115px\"\/><\/a><\/figure>\n<\/div>\n<\/div>\n<\/div>\n\n\n\n<p><\/p>\n","protected":false},"excerpt":{"rendered":"<p>Nuestro centro de datos posee una certificaci\u00f3n TIER II emitida por Uptime Institude, la cual nos cataloga como un centro de datos con componentes de capacidad redundante. El cumplimiento de los requisitos ha sido medido a trav\u00e9s de pruebas de confirmaci\u00f3n basados en los resultados y el impacto de las operaciones. Ha sido construido en &hellip; <a href=\"https:\/\/abnetworksa.com\/?page_id=539\">Continued<\/a><\/p>\n","protected":false},"author":1,"featured_media":186,"parent":0,"menu_order":0,"comment_status":"closed","ping_status":"closed","template":"","meta":{"om_disable_all_campaigns":false,"_monsterinsights_skip_tracking":false,"_monsterinsights_sitenote_active":false,"_monsterinsights_sitenote_note":"","_monsterinsights_sitenote_category":0,"_uf_show_specific_survey":0,"_uf_disable_surveys":false,"footnotes":""},"aioseo_notices":[],"_links":{"self":[{"href":"https:\/\/abnetworksa.com\/index.php?rest_route=\/wp\/v2\/pages\/539"}],"collection":[{"href":"https:\/\/abnetworksa.com\/index.php?rest_route=\/wp\/v2\/pages"}],"about":[{"href":"https:\/\/abnetworksa.com\/index.php?rest_route=\/wp\/v2\/types\/page"}],"author":[{"embeddable":true,"href":"https:\/\/abnetworksa.com\/index.php?rest_route=\/wp\/v2\/users\/1"}],"replies":[{"embeddable":true,"href":"https:\/\/abnetworksa.com\/index.php?rest_route=%2Fwp%2Fv2%2Fcomments&post=539"}],"version-history":[{"count":20,"href":"https:\/\/abnetworksa.com\/index.php?rest_route=\/wp\/v2\/pages\/539\/revisions"}],"predecessor-version":[{"id":954,"href":"https:\/\/abnetworksa.com\/index.php?rest_route=\/wp\/v2\/pages\/539\/revisions\/954"}],"wp:featuredmedia":[{"embeddable":true,"href":"https:\/\/abnetworksa.com\/index.php?rest_route=\/wp\/v2\/media\/186"}],"wp:attachment":[{"href":"https:\/\/abnetworksa.com\/index.php?rest_route=%2Fwp%2Fv2%2Fmedia&parent=539"}],"curies":[{"name":"wp","href":"https:\/\/api.w.org\/{rel}","templated":true}]}}